{"id":22717,"date":"2022-11-28T13:30:53","date_gmt":"2024-07-11T13:42:46","guid":{"rendered":"https:\/\/annettemorris.art\/product\/giclee-quality-framed-print-cafe-des-arts-puisserguier\/"},"modified":"2024-07-11T15:42:46","modified_gmt":"2024-07-11T13:42:46","slug":"giclee-quality-framed-print-cafe-des-arts-puisserguier","status":"publish","type":"product","link":"https:\/\/annettemorris.art\/fr\/produit\/giclee-quality-framed-print-cafe-des-arts-puisserguier\/","title":{"rendered":"Gicl\u00e9e Quality Framed Print &#8211; Caf\u00e9 des Arts, Puisserguier"},"content":{"rendered":"<p>Gicl\u00e9e Quality Framed Print With Mount (frame size 40cm x 30cm)<br \/>\n\u2022 Paper thickness: 10.3 mil<br \/>\n\u2022 Paper weight: 5.57 oz\/y\u00b2 (189 g\/m\u00b2)<br \/>\n\u2022 Ayous wood frame<br \/>\n\u2022 Acrylite front protector<br \/>\n\u2022 White mat board<br \/>\n\u2022 Hanging hardware included<\/p>\n<p>This product is made especially for you as soon as you place an order, which is why it takes us a bit longer to deliver it to you. Making products on demand instead of in bulk helps reduce overproduction, so thank you for making thoughtful purchasing decisions!<br \/>\nOn the rare occasion there is an issue with your print or the delivery, please emailme@annettemorris.art and I will do my best to make it right.<\/p>\n","protected":false},"excerpt":{"rendered":"<p>Gicl\u00e9e Quality Framed Print With Mount (frame size 40cm x 30cm) \u2022 Paper thickness: 10.3 mil \u2022 Paper weight: 5.57 oz\/y\u00b2 (189 g\/m\u00b2) \u2022 Ayous wood frame \u2022 Acrylite front protector \u2022 White mat board \u2022 Hanging hardware included This &hellip; <a class=\"kt-excerpt-readmore more-link\" href=\"https:\/\/annettemorris.art\/fr\/produit\/giclee-quality-framed-print-cafe-des-arts-puisserguier\/\" aria-label=\"Gicl\u00e9e Quality Framed Print &#8211; Caf\u00e9 des Arts, Puisserguier\">Read More<\/a><\/p>\n","protected":false},"featured_media":19413,"template":"","meta":{"kt_blocks_editor_width":"","_price":"75","_stock":"","_tribe_ticket_header":"","_tribe_default_ticket_provider":"","_tribe_ticket_capacity":"0","_ticket_start_date":"","_ticket_end_date":"","_tribe_ticket_show_description":"","_tribe_ticket_show_not_going":false,"_tribe_ticket_use_global_stock":"","_tribe_ticket_global_stock_level":"","_global_stock_mode":"","_global_stock_cap":"","_tribe_rsvp_for_event":"","_tribe_ticket_going_count":"","_tribe_ticket_not_going_count":"","_tribe_tickets_list":"[]","_tribe_ticket_has_attendee_info_fields":false,"_tec_slr_enabled":"","_tec_slr_layout":"","_links_to":"","_links_to_target":""},"product_brand":[],"product_cat":[392,892],"product_tag":[],"class_list":{"0":"post-22717","1":"product","2":"type-product","3":"status-publish","4":"has-post-thumbnail","6":"product_cat-cadeaux","7":"product_cat-giclee-quality-prints-fr","9":"first","10":"instock","11":"taxable","12":"shipping-taxable","13":"purchasable","14":"product-type-variable"},"aioseo_notices":[],"_links":{"self":[{"href":"https:\/\/annettemorris.art\/fr\/wp-json\/wp\/v2\/product\/22717","targetHints":{"allow":["GET"]}}],"collection":[{"href":"https:\/\/annettemorris.art\/fr\/wp-json\/wp\/v2\/product"}],"about":[{"href":"https:\/\/annettemorris.art\/fr\/wp-json\/wp\/v2\/types\/product"}],"wp:featuredmedia":[{"embeddable":true,"href":"https:\/\/annettemorris.art\/fr\/wp-json\/wp\/v2\/media\/19413"}],"wp:attachment":[{"href":"https:\/\/annettemorris.art\/fr\/wp-json\/wp\/v2\/media?parent=22717"}],"wp:term":[{"taxonomy":"product_brand","embeddable":true,"href":"https:\/\/annettemorris.art\/fr\/wp-json\/wp\/v2\/product_brand?post=22717"},{"taxonomy":"product_cat","embeddable":true,"href":"https:\/\/annettemorris.art\/fr\/wp-json\/wp\/v2\/product_cat?post=22717"},{"taxonomy":"product_tag","embeddable":true,"href":"https:\/\/annettemorris.art\/fr\/wp-json\/wp\/v2\/product_tag?post=22717"}],"curies":[{"name":"wp","href":"https:\/\/api.w.org\/{rel}","templated":true}]}}