{"id":21106,"date":"2023-09-25T19:12:00","date_gmt":"2023-09-25T17:12:00","guid":{"rendered":"https:\/\/annettemorris.art\/?post_type=product&#038;p=21106"},"modified":"2023-12-02T23:00:51","modified_gmt":"2023-12-02T22:00:51","slug":"croquis-cafe-november-2023","status":"publish","type":"product","link":"https:\/\/annettemorris.art\/fr\/product\/croquis-cafe-november-2023\/","title":{"rendered":"Croquis Caf\u00e9 &#8211; November 2023"},"content":{"rendered":"<p>Croquis Caf\u00e9 workshops offer you the chance to sketch in a friendly caf\u00e9 (or outside if the weather is fine).\u00a0 For a fun 2 hours and in a small like-minded group you will learn new skills and develop your creative confidence with both drawing and watercolour techniques.<\/p>\n<p>Each workshop starts at 10am on a Wednesday morning in the 34310 area.\u00a0 Limited places available!<\/p>\n<ul>\n<li>Wednesday 15 \u2013 Capestang<\/li>\n<li>Wednesday 22 \u2013 Montouliers<\/li>\n<li>Wednesday 29 \u2013 Quarante<\/li>\n<\/ul>\n","protected":false},"excerpt":{"rendered":"<p>Croquis Caf\u00e9 workshops offer you the chance to sketch in a friendly caf\u00e9 (or outside if the weather is fine).\u00a0 For a fun 2 hours and in a small like-minded group you will learn new skills and develop your creative confidence with both drawing and watercolour techniques.<\/p>\n<p>Each workshop starts at 10am on a Wednesday morning in the 34310 area.\u00a0 Limited places available!<\/p>\n<ul>\n<li>Wednesday 15 \u2013 Capestang<\/li>\n<li>Wednesday 22 \u2013 Montouliers<\/li>\n<li>Wednesday 29 \u2013 Quarante<\/li>\n<\/ul>\n<p>&hellip; <a class=\"kt-excerpt-readmore more-link\" href=\"https:\/\/annettemorris.art\/fr\/product\/croquis-cafe-november-2023\/\" aria-label=\"Croquis Caf\u00e9 &#8211; November 2023\">Read More<\/a><\/p>\n","protected":false},"featured_media":21094,"template":"","meta":{"kt_blocks_editor_width":"","_price":"25","_stock":"","_tribe_ticket_header":"","_tribe_default_ticket_provider":"","_tribe_ticket_capacity":"0","_ticket_start_date":"","_ticket_end_date":"","_tribe_ticket_show_description":"","_tribe_ticket_show_not_going":false,"_tribe_ticket_use_global_stock":"","_tribe_ticket_global_stock_level":"","_global_stock_mode":"","_global_stock_cap":"","_tribe_rsvp_for_event":"","_tribe_ticket_going_count":"","_tribe_ticket_not_going_count":"","_tribe_tickets_list":"[]","_tribe_ticket_has_attendee_info_fields":false,"_tec_slr_enabled":"","_tec_slr_layout":"","_links_to":"","_links_to_target":""},"product_brand":[],"product_cat":[127,155],"product_tag":[],"class_list":{"0":"post-21106","1":"product","2":"type-product","3":"status-publish","4":"has-post-thumbnail","6":"product_cat-sketch-languedoc","7":"product_cat-workshops","9":"first","10":"outofstock","11":"taxable","12":"shipping-taxable","13":"purchasable","14":"product-type-variable"},"aioseo_notices":[],"_links":{"self":[{"href":"https:\/\/annettemorris.art\/fr\/wp-json\/wp\/v2\/product\/21106","targetHints":{"allow":["GET"]}}],"collection":[{"href":"https:\/\/annettemorris.art\/fr\/wp-json\/wp\/v2\/product"}],"about":[{"href":"https:\/\/annettemorris.art\/fr\/wp-json\/wp\/v2\/types\/product"}],"wp:featuredmedia":[{"embeddable":true,"href":"https:\/\/annettemorris.art\/fr\/wp-json\/wp\/v2\/media\/21094"}],"wp:attachment":[{"href":"https:\/\/annettemorris.art\/fr\/wp-json\/wp\/v2\/media?parent=21106"}],"wp:term":[{"taxonomy":"product_brand","embeddable":true,"href":"https:\/\/annettemorris.art\/fr\/wp-json\/wp\/v2\/product_brand?post=21106"},{"taxonomy":"product_cat","embeddable":true,"href":"https:\/\/annettemorris.art\/fr\/wp-json\/wp\/v2\/product_cat?post=21106"},{"taxonomy":"product_tag","embeddable":true,"href":"https:\/\/annettemorris.art\/fr\/wp-json\/wp\/v2\/product_tag?post=21106"}],"curies":[{"name":"wp","href":"https:\/\/api.w.org\/{rel}","templated":true}]}}