{"id":18481,"date":"2022-08-21T10:34:14","date_gmt":"2022-08-29T06:04:55","guid":{"rendered":"https:\/\/annettemorris.art\/product\/novembre-croquis-cafe\/"},"modified":"2022-09-08T00:00:05","modified_gmt":"2022-09-07T22:00:05","slug":"novembre-croquis-cafe","status":"publish","type":"product","link":"https:\/\/annettemorris.art\/fr\/produit\/novembre-croquis-cafe\/","title":{"rendered":"Novembre Croquis Caf\u00e9"},"content":{"rendered":"<p>Ces courts ateliers du mercredi sont l\u2019occasion de se r\u00e9unir en petit groupe amical pour travailler sur des techniques de croquis ou des d\u00e9fis amusants \u00e0 l\u2019aquarelle!<br \/>\nChaque \u00e9v\u00e9nement sera diff\u00e9rent et aura lieu \u00e0 l\u2019int\u00e9rieur &#8211; ou \u00e0 l\u2019ext\u00e9rieur si le temps est chaud et beau.<\/p>\n<p>Mercredi 9 novembre &#8211; B\u00e9ziers<br \/>\nMercredi 16 novembre &#8211; Narbonne<br \/>\nMercredi 23 novembre &#8211; Quarante<br \/>\nMercredi 30 novembre &#8211; Capestang<\/p>\n<p>80\u20ac pour r\u00e9server tous les 4 \/ 25\u20ac par atelier<\/p>\n","protected":false},"excerpt":{"rendered":"<p>Ces courts ateliers du mercredi sont l\u2019occasion de se r\u00e9unir en petit groupe amical pour travailler sur des techniques de croquis ou des d\u00e9fis amusants \u00e0 l\u2019aquarelle!<br \/>\nChaque \u00e9v\u00e9nement sera diff\u00e9rent et aura lieu \u00e0 l\u2019int\u00e9rieur &#8211; ou \u00e0 l\u2019ext\u00e9rieur si le temps est chaud et beau.<\/p>\n<p>Mercredi 9 novembre &#8211; B\u00e9ziers<br \/>\nMercredi 16 novembre &#8211; Narbonne<br \/>\nMercredi 23 novembre &#8211; Quarante<br \/>\nMercredi 30 novembre &#8211; Capestang&hellip; <a class=\"kt-excerpt-readmore more-link\" href=\"https:\/\/annettemorris.art\/fr\/produit\/novembre-croquis-cafe\/\" aria-label=\"Novembre Croquis Caf\u00e9\">Read More<\/a><\/p>\n","protected":false},"featured_media":18409,"template":"","meta":{"kt_blocks_editor_width":"","_price":"25","_stock":"","_tribe_ticket_header":"","_tribe_default_ticket_provider":"","_tribe_ticket_capacity":"5","_ticket_start_date":"","_ticket_end_date":"","_tribe_ticket_show_description":"","_tribe_ticket_show_not_going":false,"_tribe_ticket_use_global_stock":"","_tribe_ticket_global_stock_level":"","_global_stock_mode":"","_global_stock_cap":"","_tribe_rsvp_for_event":"","_tribe_ticket_going_count":"","_tribe_ticket_not_going_count":"","_tribe_tickets_list":"[]","_tribe_ticket_has_attendee_info_fields":false,"_tec_slr_enabled":"","_tec_slr_layout":"","_links_to":"","_links_to_target":""},"product_brand":[],"product_cat":[223,189],"product_tag":[],"class_list":{"0":"post-18481","1":"product","2":"type-product","3":"status-publish","4":"has-post-thumbnail","6":"product_cat-sketch-languedoc-fr","7":"product_cat-workshops-fr","9":"first","10":"instock","11":"taxable","12":"shipping-taxable","13":"purchasable","14":"product-type-variable"},"aioseo_notices":[],"_links":{"self":[{"href":"https:\/\/annettemorris.art\/fr\/wp-json\/wp\/v2\/product\/18481","targetHints":{"allow":["GET"]}}],"collection":[{"href":"https:\/\/annettemorris.art\/fr\/wp-json\/wp\/v2\/product"}],"about":[{"href":"https:\/\/annettemorris.art\/fr\/wp-json\/wp\/v2\/types\/product"}],"wp:featuredmedia":[{"embeddable":true,"href":"https:\/\/annettemorris.art\/fr\/wp-json\/wp\/v2\/media\/18409"}],"wp:attachment":[{"href":"https:\/\/annettemorris.art\/fr\/wp-json\/wp\/v2\/media?parent=18481"}],"wp:term":[{"taxonomy":"product_brand","embeddable":true,"href":"https:\/\/annettemorris.art\/fr\/wp-json\/wp\/v2\/product_brand?post=18481"},{"taxonomy":"product_cat","embeddable":true,"href":"https:\/\/annettemorris.art\/fr\/wp-json\/wp\/v2\/product_cat?post=18481"},{"taxonomy":"product_tag","embeddable":true,"href":"https:\/\/annettemorris.art\/fr\/wp-json\/wp\/v2\/product_tag?post=18481"}],"curies":[{"name":"wp","href":"https:\/\/api.w.org\/{rel}","templated":true}]}}