{"id":17357,"date":"2022-03-23T10:11:57","date_gmt":"2022-03-23T09:11:57","guid":{"rendered":"https:\/\/annettemorris.art\/product\/du-canal-du-midi-au-saint-chinian\/"},"modified":"2022-09-08T00:00:05","modified_gmt":"2022-09-07T22:00:05","slug":"du-canal-du-midi-au-saint-chinian","status":"publish","type":"product","link":"https:\/\/annettemorris.art\/fr\/produit\/du-canal-du-midi-au-saint-chinian\/","title":{"rendered":"Du Canal du Midi au Saint Chinian"},"content":{"rendered":"<p>These relaxed morning sketch walks invite you to discover and\u00a0draw the 17 villages of Canal Lirou.<br \/>\nThe morning starts with a sketch demonstration followed by guidance on applying watercolour to your own drawings.<\/p>\n<p>These sessions are ideal if you are new to sketching, or lack the confidence to sketch on location on your own.\u00a0 They are also a great opportunity to discover some lesser known locations right in the heart of Languedoc!<\/p>\n<p>You will need a sketchbook, pencil, ink pen (waterproof ink), watercolours, water &amp; water pot and tissues\/rag.\u00a0 A portable folding chair or stool is strongly advised.<\/p>\n<p>(For a small additional charge, a complete sketch kit can be provided on loan)<\/p>\n<p>&nbsp;<\/p>\n<p>Proposed programme<\/p>\n<p>Monday 25 April &#8211;\u00a0 Cebazan<br \/>\nMonday 2 May &#8211; Prades-sur-Vernazobre<br \/>\nMonday 9 May &#8211; Babeau-Bouldoux<br \/>\nMonday 16 May &#8211; \u00a0Montels<br \/>\nMonday 23 May &#8211;\u00a0 Puisserguier<br \/>\nMonday 30 May &#8211; Creissan<br \/>\nMonday 13 June &#8211;\u00a0 Cruzy<br \/>\nMonday 20 June &#8211; Montouliers<br \/>\nMonday 27 June &#8211; Quarante<br \/>\nMonday 4 July &#8211; Cessenon-sur-Orb<br \/>\nMonday 11 July &#8211; Assignan<br \/>\nMonday 18 July &#8211; Poilhes<br \/>\nMonday 25 July &#8211; Capestang<br \/>\nMonday 1 August &#8211; Villespassans<br \/>\nMonday 8 August &#8211;\u00a0 Pierrerue<br \/>\nMonday 22 August &#8211;\u00a0 Cazedarnes<br \/>\nMonday 29 August &#8211; Saint Chinian<\/p>\n<p>Wednesday 12 October &#8211; Saint Chinian<br \/>\nWednesday 19 October &#8211; Cazedarnes<br \/>\nWednesday 26 October &#8211; Capestang <\/p>\n<p><em>Please note that some locations do not have caf\u00e9s or public toilets.\u00a0<\/em><\/p>\n<p>25\u20ac &#8211; advanced booking essential<\/p>\n","protected":false},"excerpt":{"rendered":"<p>Balades matinales d\u00e9contract\u00e9es pour d\u00e9couvrir et dessiner les villages du Canal Lirou &#8211;<br \/>\nLa matin\u00e9e commence par une d\u00e9monstration de croquis suivie de conseils sur l\u2019application de l\u2019aquarelle \u00e0 vos propres dessins.<\/p>\n<p>Uniquement sur r\u00e9servation<\/p>\n<p>&nbsp;<\/p>\n<p>&nbsp;<\/p>\n<p>&nbsp;&hellip; <a class=\"kt-excerpt-readmore more-link\" href=\"https:\/\/annettemorris.art\/fr\/produit\/du-canal-du-midi-au-saint-chinian\/\" aria-label=\"Du Canal du Midi au Saint Chinian\">Read More<\/a><\/p>\n","protected":false},"featured_media":17380,"template":"","meta":{"kt_blocks_editor_width":"","_price":"25","_stock":"0.000000","_tribe_ticket_header":"","_tribe_default_ticket_provider":"","_tribe_ticket_capacity":"8","_ticket_start_date":"","_ticket_end_date":"","_tribe_ticket_show_description":"","_tribe_ticket_show_not_going":false,"_tribe_ticket_use_global_stock":"","_tribe_ticket_global_stock_level":"","_global_stock_mode":"","_global_stock_cap":"","_tribe_rsvp_for_event":"","_tribe_ticket_going_count":"","_tribe_ticket_not_going_count":"","_tribe_tickets_list":"[]","_tribe_ticket_has_attendee_info_fields":false,"_tec_slr_enabled":"","_tec_slr_layout":"","_links_to":"","_links_to_target":""},"product_brand":[],"product_cat":[549,223],"product_tag":[767,768,506,507,502,513,503,517,522,519,505,497,504,500,769,511,770,508,516],"class_list":{"0":"post-17357","1":"product","2":"type-product","3":"status-publish","4":"has-post-thumbnail","6":"product_cat-nos-17-villages-fr","7":"product_cat-sketch-languedoc-fr","8":"product_tag-canaldumiditourisme-fr","9":"product_tag-saintchiniantourisme-fr","10":"product_tag-assignan-fr","11":"product_tag-babeau-bouldoux-fr","12":"product_tag-capestang-fr","13":"product_tag-cazedarnes-fr","14":"product_tag-cebazan-fr","15":"product_tag-cessenon-sur-orb-fr","16":"product_tag-creissan-fr","17":"product_tag-cruzy-fr","18":"product_tag-montels-fr","19":"product_tag-montouliers-fr","20":"product_tag-pierrerue-fr","21":"product_tag-poilhes-fr","22":"product_tag-prades-sur-vernezobre-fr","23":"product_tag-puisserguier-fr","24":"product_tag-quarante-fr","25":"product_tag-saint-chinian-fr","26":"product_tag-villespassans-fr","28":"first","29":"outofstock","30":"taxable","31":"shipping-taxable","32":"purchasable","33":"product-type-variable"},"aioseo_notices":[],"_links":{"self":[{"href":"https:\/\/annettemorris.art\/fr\/wp-json\/wp\/v2\/product\/17357","targetHints":{"allow":["GET"]}}],"collection":[{"href":"https:\/\/annettemorris.art\/fr\/wp-json\/wp\/v2\/product"}],"about":[{"href":"https:\/\/annettemorris.art\/fr\/wp-json\/wp\/v2\/types\/product"}],"wp:featuredmedia":[{"embeddable":true,"href":"https:\/\/annettemorris.art\/fr\/wp-json\/wp\/v2\/media\/17380"}],"wp:attachment":[{"href":"https:\/\/annettemorris.art\/fr\/wp-json\/wp\/v2\/media?parent=17357"}],"wp:term":[{"taxonomy":"product_brand","embeddable":true,"href":"https:\/\/annettemorris.art\/fr\/wp-json\/wp\/v2\/product_brand?post=17357"},{"taxonomy":"product_cat","embeddable":true,"href":"https:\/\/annettemorris.art\/fr\/wp-json\/wp\/v2\/product_cat?post=17357"},{"taxonomy":"product_tag","embeddable":true,"href":"https:\/\/annettemorris.art\/fr\/wp-json\/wp\/v2\/product_tag?post=17357"}],"curies":[{"name":"wp","href":"https:\/\/api.w.org\/{rel}","templated":true}]}}