{"id":12837,"date":"2020-11-21T19:16:29","date_gmt":"2020-11-21T18:16:29","guid":{"rendered":"https:\/\/amsketching.com\/product\/1000-piece-jigsaw-sous-les-platanes-verts\/"},"modified":"2020-12-01T00:00:08","modified_gmt":"2020-11-30T23:00:08","slug":"1000-piece-jigsaw-sous-les-platanes-verts","status":"publish","type":"product","link":"https:\/\/annettemorris.art\/fr\/produit\/1000-piece-jigsaw-sous-les-platanes-verts\/","title":{"rendered":"Puzzle 1000 pi\u00e8ces &#8211; Sous Les Platanes Verts"},"content":{"rendered":"<p>Puzzle pour Adulte de 1000 Pi\u00e8ces 68x48cm apr\u00e8s mon aquarelle<\/p>\n<p><em>( Photos non contractuelles)<\/em><\/p>\n<p>&nbsp;<\/p>\n","protected":false},"excerpt":{"rendered":"<p>Puzzle pour Adulte de 1000 Pi\u00e8ces\u00a068x44cm apr\u00e8s mon aquarelle&hellip; <a class=\"kt-excerpt-readmore more-link\" href=\"https:\/\/annettemorris.art\/fr\/produit\/1000-piece-jigsaw-sous-les-platanes-verts\/\" aria-label=\"Puzzle 1000 pi\u00e8ces &#8211; Sous Les Platanes Verts\">Read More<\/a><\/p>\n","protected":false},"featured_media":12834,"template":"","meta":{"kt_blocks_editor_width":"","_price":"59","_stock":"2.000000","_tribe_ticket_header":"","_tribe_default_ticket_provider":"","_tribe_ticket_capacity":"2","_ticket_start_date":"","_ticket_end_date":"","_tribe_ticket_show_description":"","_tribe_ticket_show_not_going":false,"_tribe_ticket_use_global_stock":"","_tribe_ticket_global_stock_level":"","_global_stock_mode":"","_global_stock_cap":"","_tribe_rsvp_for_event":"","_tribe_ticket_going_count":"","_tribe_ticket_not_going_count":"","_tribe_tickets_list":"[]","_tribe_ticket_has_attendee_info_fields":false,"_tec_slr_enabled":"","_tec_slr_layout":"","_links_to":"","_links_to_target":""},"product_brand":[],"product_cat":[392,488],"product_tag":[494],"class_list":{"0":"post-12837","1":"product","2":"type-product","3":"status-publish","4":"has-post-thumbnail","6":"product_cat-cadeaux","7":"product_cat-puzzles","8":"product_tag-nos-17-villages-fr","9":"product_shipping_class-kit-fr","11":"first","12":"instock","13":"taxable","14":"shipping-taxable","15":"purchasable","16":"product-type-simple"},"aioseo_notices":[],"_links":{"self":[{"href":"https:\/\/annettemorris.art\/fr\/wp-json\/wp\/v2\/product\/12837","targetHints":{"allow":["GET"]}}],"collection":[{"href":"https:\/\/annettemorris.art\/fr\/wp-json\/wp\/v2\/product"}],"about":[{"href":"https:\/\/annettemorris.art\/fr\/wp-json\/wp\/v2\/types\/product"}],"wp:featuredmedia":[{"embeddable":true,"href":"https:\/\/annettemorris.art\/fr\/wp-json\/wp\/v2\/media\/12834"}],"wp:attachment":[{"href":"https:\/\/annettemorris.art\/fr\/wp-json\/wp\/v2\/media?parent=12837"}],"wp:term":[{"taxonomy":"product_brand","embeddable":true,"href":"https:\/\/annettemorris.art\/fr\/wp-json\/wp\/v2\/product_brand?post=12837"},{"taxonomy":"product_cat","embeddable":true,"href":"https:\/\/annettemorris.art\/fr\/wp-json\/wp\/v2\/product_cat?post=12837"},{"taxonomy":"product_tag","embeddable":true,"href":"https:\/\/annettemorris.art\/fr\/wp-json\/wp\/v2\/product_tag?post=12837"}],"curies":[{"name":"wp","href":"https:\/\/api.w.org\/{rel}","templated":true}]}}