{"id":10387,"date":"2020-04-02T09:03:56","date_gmt":"2020-04-02T07:03:56","guid":{"rendered":"https:\/\/amsketching.com\/product\/sketch-kit-beginners\/"},"modified":"2020-07-07T10:49:29","modified_gmt":"2020-07-07T08:49:29","slug":"sketch-kit-beginners","status":"publish","type":"product","link":"https:\/\/annettemorris.art\/fr\/produit\/sketch-kit-beginners\/","title":{"rendered":"Starter Sketch Kit"},"content":{"rendered":"<p>Ce Sketch Kit est con\u00e7u pour \u00eatre pratique \u00e0 avoir sur soi avec une palette de couleurs qui convient parfaitement pour les dessins format &lsquo;carnets de voyage&rsquo;.<\/p>\n<p>Nous utilisons des stylos permanents noirs pour donner des lignes \u00e9pur\u00e9es. Pour appliquer les couleurs, nous utilisons notre ensemble Aquarelle Plus personnalis\u00e9 Cotman ou les crayons aquarelle Club Norris. Lors de l&rsquo;esquisse, nous utilisons le support qui convient le mieux au sujet.<\/p>\n<p>Si vous d\u00e9butez le dessin et vous souhaitez acheter un kit ou certains \u00e9l\u00e9ments de celui-ci, veuillez me contacter .<\/p>\n<p>LE KIT COMPLET DE SKETCH (75\u20ac) comprend:<\/p>\n<ul>\n<li>Carnet de croquis (A5 150gsm min)<\/li>\n<li>Crayon HB<\/li>\n<li>Ensemble de 12 crayons aquarelle (Staedtler Noris Club)<\/li>\n<li>Pinceau \u00e0 l&rsquo;eau (large)<\/li>\n<li>Taille-crayon<\/li>\n<li>Ensemble de 4 stylos de dessin noirs imperm\u00e9ables<\/li>\n<li>Stylo gel blanc<\/li>\n<li>Aquarelles Cotman Pocket: Nuance de jaune de cadmium p\u00e2le, Ocre jaune, Nuance de rouge de cadmium, Rose permanente<br \/>\nTerre de Sienne br\u00fbl\u00e9e, Terre d\u2019ombre br\u00fbl\u00e9e, Vert de Hooker fonc\u00e9, Vert de vessie<br \/>\nNuance de bleu c\u00e9rul\u00e9um, Outremer, Indigo, Laque pourpre<\/li>\n<\/ul>\n<p><em>Facultatif: Pochette &lsquo;Sketch Kit&rsquo; (10\u20ac)<\/em><\/p>\n<p>(Veuillez apporter un petit paquet de mouchoirs et un petit pot d\u2019eau semblable \u00e0 celui illustr\u00e9 ci-dessous, avec un couvercle lorsque vous utilisez des aquarelles.<\/p>\n<p><em>A noter: le prix ne comprend pas l&rsquo;affranchissement\u00a0<\/em><\/p>\n<p>&nbsp;<\/p>\n<p>&nbsp;<\/p>\n<p>&nbsp;<\/p>\n","protected":false},"excerpt":{"rendered":"<p>Ce Sketch Kit est con\u00e7u pour \u00eatre pratique \u00e0 avoir sur soi avec une palette de couleurs qui convient parfaitement pour les dessins format &lsquo;carnets de voyage&rsquo;.<\/p>\n<p>Nous utilisons des stylos permanents noirs pour donner des lignes \u00e9pur\u00e9es. Pour appliquer les couleurs, nous utilisons notre ensemble Aquarelle Plus personnalis\u00e9 Cotman ou les crayons aquarelle Club Norris. Lors de l&rsquo;esquisse, nous utilisons le support qui convient le mieux au sujet.<\/p>\n<p>Si vous d\u00e9butez le dessin et vous souhaitez acheter un kit ou certains \u00e9l\u00e9ments de celui-ci, veuillez me contacter .<\/p>\n<p>LE KIT COMPLET DE SKETCH (75\u20ac) comprend:<\/p>\n<ul>\n<li>Carnet de croquis (A5 150gsm min)<\/li>\n<li>Crayon HB<\/li>\n<li>Ensemble de 12 crayons aquarelle (Staedtler Noris Club)<\/li>\n<li>Pinceau \u00e0 l&rsquo;eau (large)<\/li>\n<li>Taille-crayon<\/li>\n<li>Ensemble de 4 stylos de dessin noirs imperm\u00e9ables<\/li>\n<li>Stylo gel blanc<\/li>\n<li>Aquarelles Cotman Pocket: Nuance de jaune de cadmium p\u00e2le, Ocre jaune, Nuance de rouge de cadmium, Rose permanente<br \/>\nTerre de Sienne br\u00fbl\u00e9e, Terre d\u2019ombre br\u00fbl\u00e9e, Vert de Hooker fonc\u00e9, Vert de vessie<br \/>\nNuance de bleu c\u00e9rul\u00e9um, Outremer, Indigo, Laque pourpre<\/li>\n<\/ul>\n<p><em>Facultatif: Pochette &lsquo;Sketch Kit&rsquo; (10\u20ac)<\/em><\/p>\n<p>(Veuillez apporter un petit paquet de mouchoirs et un petit pot d\u2019eau semblable \u00e0 celui illustr\u00e9 ci-dessous, avec un couvercle lorsque vous utilisez des aquarelles.<\/p>\n<p><em>A noter: le prix ne comprend pas l&rsquo;affranchissement\u00a0<\/em>&hellip; <a class=\"kt-excerpt-readmore more-link\" href=\"https:\/\/annettemorris.art\/fr\/produit\/sketch-kit-beginners\/\" aria-label=\"Starter Sketch Kit\">Read More<\/a><\/p>\n","protected":false},"featured_media":9501,"template":"","meta":{"kt_blocks_editor_width":"","_price":"75","_stock":"0.000000","_tribe_ticket_header":"","_tribe_default_ticket_provider":"","_tribe_ticket_capacity":"7","_ticket_start_date":"","_ticket_end_date":"","_tribe_ticket_show_description":"","_tribe_ticket_show_not_going":false,"_tribe_ticket_use_global_stock":"","_tribe_ticket_global_stock_level":"","_global_stock_mode":"","_global_stock_cap":"","_tribe_rsvp_for_event":"","_tribe_ticket_going_count":"","_tribe_ticket_not_going_count":"","_tribe_tickets_list":"[]","_tribe_ticket_has_attendee_info_fields":false,"_tec_slr_enabled":"","_tec_slr_layout":"","_links_to":"","_links_to_target":""},"product_brand":[],"product_cat":[392,393],"product_tag":[],"class_list":{"0":"post-10387","1":"product","2":"type-product","3":"status-publish","4":"has-post-thumbnail","6":"product_cat-cadeaux","7":"product_cat-materiaux","8":"product_shipping_class-kit-fr","10":"first","11":"outofstock","12":"taxable","13":"shipping-taxable","14":"purchasable","15":"product-type-variable","16":"has-default-attributes"},"aioseo_notices":[],"_links":{"self":[{"href":"https:\/\/annettemorris.art\/fr\/wp-json\/wp\/v2\/product\/10387","targetHints":{"allow":["GET"]}}],"collection":[{"href":"https:\/\/annettemorris.art\/fr\/wp-json\/wp\/v2\/product"}],"about":[{"href":"https:\/\/annettemorris.art\/fr\/wp-json\/wp\/v2\/types\/product"}],"wp:featuredmedia":[{"embeddable":true,"href":"https:\/\/annettemorris.art\/fr\/wp-json\/wp\/v2\/media\/9501"}],"wp:attachment":[{"href":"https:\/\/annettemorris.art\/fr\/wp-json\/wp\/v2\/media?parent=10387"}],"wp:term":[{"taxonomy":"product_brand","embeddable":true,"href":"https:\/\/annettemorris.art\/fr\/wp-json\/wp\/v2\/product_brand?post=10387"},{"taxonomy":"product_cat","embeddable":true,"href":"https:\/\/annettemorris.art\/fr\/wp-json\/wp\/v2\/product_cat?post=10387"},{"taxonomy":"product_tag","embeddable":true,"href":"https:\/\/annettemorris.art\/fr\/wp-json\/wp\/v2\/product_tag?post=10387"}],"curies":[{"name":"wp","href":"https:\/\/api.w.org\/{rel}","templated":true}]}}