{"id":9624,"date":"2019-04-24T19:01:51","date_gmt":"2019-04-24T17:01:51","guid":{"rendered":"https:\/\/amsketching.com\/home\/"},"modified":"2020-06-08T13:14:07","modified_gmt":"2020-06-08T11:14:07","slug":"home","status":"publish","type":"page","link":"https:\/\/annettemorris.art\/fr\/","title":{"rendered":"Annette Morris Art"},"content":{"rendered":"<div id=\"pl-9624\"  class=\"panel-layout\" ><div id=\"pg-9624-0\"  class=\"panel-grid panel-no-style\" ><div id=\"pgc-9624-0-0\"  class=\"panel-grid-cell\" ><div id=\"panel-9624-0-0-0\" class=\"so-panel widget widget_sow-editor panel-first-child panel-last-child\" data-index=\"0\" ><div\n\t\t\t\n\t\t\tclass=\"so-widget-sow-editor so-widget-sow-editor-base\"\n\t\t\t\n\t\t>\n<div class=\"siteorigin-widget-tinymce textwidget\">\n\t<h1 style=\"text-align: center;\">Bienvenue!<\/h1>\n<p style=\"text-align: center;\">Accompagnez-moi dans un voyage cr\u00e9atif dans des lieux fabuleux et apprenez \u00e0 d\u00e9velopper votre vision naturelle \u00e0 interpr\u00e9ter ce que vous voyez!<\/p>\n<p style=\"text-align: center;\">Prenez l'habitude de dessiner ce qui changera votre vie et cela changera votre monde!<br \/>\nLes techniques que vous allez apprendre permettent \u00e0 quiconque de dessiner l'impression de ce qu\u2019il voit.<\/p>\n<p style=\"text-align: center;\">Mes cours d'introduction vous montrent comment apercevoir votre sujet et le mettre sur papier. C\u2019est le premier pas que beaucoup de gens n\u2019ont jamais appris. Le plus simple c'est le mieux. Il n\u2019y a ni bon ni mauvais dessin. C'est \u00e0 propos de vous et de l'image que vous voyez.<\/p>\n<p style=\"text-align: center;\">En tant que sketcher, vous voulez apprendre. Vous voulez sentir vos pouvoirs artistiques grandir. Vous souhaitez faire partie d'une communaut\u00e9 qui vous inspirera, incitera \u00e0 surmonter des obstacles cr\u00e9atifs, et c\u00e9l\u00e9brera vos avanc\u00e9es. Faisons-le ensemble!<\/p>\n<p>&nbsp;<\/p>\n<\/div>\n<\/div><\/div><\/div><\/div><div id=\"pg-9624-1\"  class=\"panel-grid panel-no-style\" ><div id=\"pgc-9624-1-0\"  class=\"panel-grid-cell\" ><div id=\"panel-9624-1-0-0\" class=\"so-panel widget widget_kadence_imgmenu_widget kadence_imgmenu_widget panel-first-child panel-last-child\" data-index=\"1\" >\t\t\t<div class=\"image-menu-fixed-height image-menu_item kt-img-overlay-widget\">\n\t\t\t    <a href=\"https:\/\/annettemorrisart.vipmembervault.com\/\" class=\"image_menu_item_link\" target=\"_self\">\t\t\t        \t                \t\t<div class=\"image_menu-bg-item\" style=\"background: url(https:\/\/amsketching.com\/wp-content\/uploads\/2020\/05\/header.jpg) center center no-repeat; height:220px; background-size:cover;\">\n\t\t\t\t        <\/div>\n\t                                \t<div class=\"image_menu_overlay\"><\/div>\n                    <div class=\"image_menu_message  imt-align-center imt-valign-center\">\n                    \t<div class=\"image_menu_message_inner\">\n\t\t\t        \t\t<h4>Cours en Ligne<\/h4>\t\t\t            <\/div>\n\t\t\t\t    <\/div>\n\t        \t<\/a>\t\t\t<\/div>\n\t\t<\/div><\/div><div id=\"pgc-9624-1-1\"  class=\"panel-grid-cell\" ><div id=\"panel-9624-1-1-0\" class=\"so-panel widget widget_kadence_imgmenu_widget kadence_imgmenu_widget panel-first-child panel-last-child\" data-index=\"2\" >\t\t\t<div class=\"image-menu-fixed-height image-menu_item kt-img-overlay-widget\">\n\t\t\t    <a href=\"https:\/\/amsketching.com\/workshops\/\" class=\"image_menu_item_link\" target=\"_self\">\t\t\t        \t                \t\t<div class=\"image_menu-bg-item\" style=\"background: url(https:\/\/amsketching.com\/wp-content\/uploads\/2019\/09\/inspire.jpg) center center no-repeat; height:220px; background-size:cover;\">\n\t\t\t\t        <\/div>\n\t                                \t<div class=\"image_menu_overlay\"><\/div>\n                    <div class=\"image_menu_message  imt-align-center imt-valign-center\">\n                    \t<div class=\"image_menu_message_inner\">\n\t\t\t        \t\t<h4>Pour les d\u00e9butants<\/h4>\t\t\t            <\/div>\n\t\t\t\t    <\/div>\n\t        \t<\/a>\t\t\t<\/div>\n\t\t<\/div><\/div><div id=\"pgc-9624-1-2\"  class=\"panel-grid-cell\" ><div id=\"panel-9624-1-2-0\" class=\"so-panel widget widget_kadence_imgmenu_widget kadence_imgmenu_widget panel-first-child panel-last-child\" data-index=\"3\" >\t\t\t<div class=\"image-menu-fixed-height image-menu_item kt-img-overlay-widget\">\n\t\t\t    <a href=\"https:\/\/amsketching.com\/sketching-holidays\/\" class=\"image_menu_item_link\" target=\"_self\">\t\t\t        \t                \t\t<div class=\"image_menu-bg-item\" style=\"background: url(https:\/\/amsketching.com\/wp-content\/uploads\/2018\/01\/bristol-2647464_1920.jpg) center center no-repeat; height:220px; background-size:cover;\">\n\t\t\t\t        <\/div>\n\t                                \t<div class=\"image_menu_overlay\"><\/div>\n                    <div class=\"image_menu_message  imt-align-center imt-valign-center\">\n                    \t<div class=\"image_menu_message_inner\">\n\t\t\t        \t\t<h4>Vacances<\/h4>\t\t\t            <\/div>\n\t\t\t\t    <\/div>\n\t        \t<\/a>\t\t\t<\/div>\n\t\t<\/div><\/div><div id=\"pgc-9624-1-3\"  class=\"panel-grid-cell\" ><div id=\"panel-9624-1-3-0\" class=\"so-panel widget widget_kadence_imgmenu_widget kadence_imgmenu_widget panel-first-child panel-last-child\" data-index=\"4\" >\t\t\t<div class=\"image-menu-fixed-height image-menu_item kt-img-overlay-widget\">\n\t\t\t    <a href=\"https:\/\/facebook.com\/groups\/sketchlanguedoc\" class=\"image_menu_item_link\" target=\"_blank\">\t\t\t        \t                \t\t<div class=\"image_menu-bg-item\" style=\"background: url(https:\/\/amsketching.com\/wp-content\/uploads\/2018\/10\/USK-Capestang.jpg) center center no-repeat; height:220px; background-size:cover;\">\n\t\t\t\t        <\/div>\n\t                                \t<div class=\"image_menu_overlay\"><\/div>\n                    <div class=\"image_menu_message  imt-align-center imt-valign-center\">\n                    \t<div class=\"image_menu_message_inner\">\n\t\t\t        \t\t<h4>USk Languedoc<\/h4>\t\t\t            <\/div>\n\t\t\t\t    <\/div>\n\t        \t<\/a>\t\t\t<\/div>\n\t\t<\/div><\/div><\/div><div id=\"pg-9624-2\"  class=\"panel-grid panel-no-style\" ><div id=\"pgc-9624-2-0\"  class=\"panel-grid-cell\" ><div id=\"panel-9624-2-0-0\" class=\"so-panel widget widget_kadence_testimonials_slider kadence_testimonials_slider panel-first-child panel-last-child\" data-index=\"5\" >          <div id=\"carouselcontainer-widget-2-0-0\" class=\"row testimonial-widget-carousel-outer\">\n          \t<div id=\"testimonial-widget-carousel-widget-2-0-0\" class=\"slick-slider kt_testimonial_carousel kt-slickslider kt-content-carousel loading clearfix\" data-slider-fade=\"false\" data-slider-dots=\"false\" data-slider-arrows=\"false\"  data-slider-type=\"content-carousel\" data-slider-anim-speed=\"400\" data-slider-scroll=\"1\" data-slider-auto=\"true\" data-slider-speed=\"12000\" data-slider-xxl=\"1\" data-slider-xl=\"1\" data-slider-md=\"1\" data-slider-sm=\"1\" data-slider-xs=\"1\" data-slider-ss=\"1\">\n            \t<div class=\"col-xxl-12 col-xl-12 col-md-12 col-sm-12 col-xs-12 col-ss-12 t_item\">\n\t    <div class=\"grid_item testimonial_item kt_item_fade_in postclass\">\n\t        <div class=\"testimonial-box clearfix\">\n\t        \t<div class=\"testimonial-img\">\n\t\t\t\t\t<i class=\"kt-icon-quotes-left\"><\/i>\t            <\/div> \n\t            <p>Thanks for a lovely couple of days sketching. I really appreciated exploring different styles with you, it\u2019s helped to open my eyes to other ways of sketching and rejuvenated my delight.<br \/>\nThanks also for the care and consideration you put into planning our adventures, we greatly appreciate the effort and had a great time. <\/p>\n\t\t\t<\/div>\n\t\t\t<div class=\"testimonial-bottom\">\n\t\t\t\t<div class=\"lipbg kad-arrow-down\"><\/div>\n\t\t\t\t<p>\n\t\t\t\t\t<strong>Anne S.<\/strong>\n\t\t\t\t     - April 2019\t\t      \t<\/p>\n\t\t\t<\/div>\n\t\t<\/div>\n\t<\/div>\n\n\t<div class=\"col-xxl-12 col-xl-12 col-md-12 col-sm-12 col-xs-12 col-ss-12 t_item\">\n\t    <div class=\"grid_item testimonial_item kt_item_fade_in postclass\">\n\t        <div class=\"testimonial-box clearfix\">\n\t        \t<div class=\"testimonial-img\">\n\t\t\t\t\t<i class=\"kt-icon-quotes-left\"><\/i>\t            <\/div> \n\t            <p>Many thanks to Annette for a great introduction to sketching last Saturday in Montpellier. A day packed with information, advice and encouragement. A much needed boost to my confidence. Can\u2019t wait for the next one! <\/p>\n\t\t\t<\/div>\n\t\t\t<div class=\"testimonial-bottom\">\n\t\t\t\t<div class=\"lipbg kad-arrow-down\"><\/div>\n\t\t\t\t<p>\n\t\t\t\t\t<strong>Naomi B.<\/strong>\n\t\t\t\t     - March 2020\t\t      \t<\/p>\n\t\t\t<\/div>\n\t\t<\/div>\n\t<\/div>\n\n\t<div class=\"col-xxl-12 col-xl-12 col-md-12 col-sm-12 col-xs-12 col-ss-12 t_item\">\n\t    <div class=\"grid_item testimonial_item kt_item_fade_in postclass\">\n\t        <div class=\"testimonial-box clearfix\">\n\t        \t<div class=\"testimonial-img\">\n\t\t\t\t\t<i class=\"kt-icon-quotes-left\"><\/i>\t            <\/div> \n\t            <p>I went with very low expectations but a secret hope that I might actually be able to do this &#8211; Annette said everyone can draw &#8211; and she is right!! I did and I can!! Thank you Annette for giving me the confidence to just go for it . We were so lucky that we had a beautiful sunny day (and a fab lunch sitting outside ) Lagrasse is a fabulous location to sketch too.. Annette makes you feel totally at ease and it was lovely to go with 3 other fun lovely women too ! Looking forward to more classes please soon<\/p>\n\t\t\t<\/div>\n\t\t\t<div class=\"testimonial-bottom\">\n\t\t\t\t<div class=\"lipbg kad-arrow-down\"><\/div>\n\t\t\t\t<p>\n\t\t\t\t\t<strong>Honor M<\/strong>\n\t\t\t\t     - Lagrasse, November 2017\t\t      \t<\/p>\n\t\t\t<\/div>\n\t\t<\/div>\n\t<\/div>\n\n\t<div class=\"col-xxl-12 col-xl-12 col-md-12 col-sm-12 col-xs-12 col-ss-12 t_item\">\n\t    <div class=\"grid_item testimonial_item kt_item_fade_in postclass\">\n\t        <div class=\"testimonial-box clearfix\">\n\t        \t<div class=\"testimonial-img\">\n\t\t\t\t\t<i class=\"kt-icon-quotes-left\"><\/i>\t            <\/div> \n\t            <p>I\u2019ve already done some of you Etchr Studio classes and learning so much from you. Your use of the color pencils during the first wash is absolute magic!<\/p>\n\t\t\t<\/div>\n\t\t\t<div class=\"testimonial-bottom\">\n\t\t\t\t<div class=\"lipbg kad-arrow-down\"><\/div>\n\t\t\t\t<p>\n\t\t\t\t\t<strong>Susan H.<\/strong>\n\t\t\t\t     - February 2022\t\t      \t<\/p>\n\t\t\t<\/div>\n\t\t<\/div>\n\t<\/div>\n\n\t<div class=\"col-xxl-12 col-xl-12 col-md-12 col-sm-12 col-xs-12 col-ss-12 t_item\">\n\t    <div class=\"grid_item testimonial_item kt_item_fade_in postclass\">\n\t        <div class=\"testimonial-box clearfix\">\n\t        \t<div class=\"testimonial-img\">\n\t\t\t\t\t<i class=\"kt-icon-quotes-left\"><\/i>\t            <\/div> \n\t            <p>I attended a Paris weekend earlier this year with Annette Morris Art. It was fantastic, we really explored Paris and captured lots of memories in our sketching. Highly recommended!<\/p>\n\t\t\t<\/div>\n\t\t\t<div class=\"testimonial-bottom\">\n\t\t\t\t<div class=\"lipbg kad-arrow-down\"><\/div>\n\t\t\t\t<p>\n\t\t\t\t\t<strong>Patricia<\/strong>\n\t\t\t\t     - October 2022\t\t      \t<\/p>\n\t\t\t<\/div>\n\t\t<\/div>\n\t<\/div>\n\n        <\/div>\n      <\/div>\n      \n    <\/div><\/div><\/div><\/div>","protected":false},"excerpt":{"rendered":"<p>Bienvenue! Accompagnez-moi dans un voyage cr\u00e9atif dans des lieux fabuleux et apprenez \u00e0 d\u00e9velopper votre vision naturelle \u00e0 interpr\u00e9ter ce que vous voyez! Prenez l&rsquo;habitude de dessiner ce qui changera votre vie et cela changera votre monde! Les techniques que &hellip; <a class=\"kt-excerpt-readmore more-link\" href=\"https:\/\/annettemorris.art\/fr\/testimonial\/patricia-paris\/\" aria-label=\"Patricia\">Read More<\/a><\/p>\n","protected":false},"author":3,"featured_media":0,"parent":0,"menu_order":0,"comment_status":"closed","ping_status":"closed","template":"","meta":{"kt_blocks_editor_width":"","_price":"","_stock":"","_tribe_ticket_header":"","_tribe_default_ticket_provider":"Tribe__Tickets_Plus__Commerce__WooCommerce__Main","_tribe_ticket_capacity":"0","_ticket_start_date":"","_ticket_end_date":"","_tribe_ticket_show_description":"","_tribe_ticket_show_not_going":false,"_tribe_ticket_use_global_stock":"","_tribe_ticket_global_stock_level":"","_global_stock_mode":"","_global_stock_cap":"","_tribe_rsvp_for_event":"","_tribe_ticket_going_count":"","_tribe_ticket_not_going_count":"","_tribe_tickets_list":"[]","_tribe_ticket_has_attendee_info_fields":false,"footnotes":"","_tec_slr_enabled":"","_tec_slr_layout":"","_links_to":"","_links_to_target":""},"class_list":["post-9624","page","type-page","status-publish","hentry"],"aioseo_notices":[],"ticketed":false,"_links":{"self":[{"href":"https:\/\/annettemorris.art\/fr\/wp-json\/wp\/v2\/pages\/9624","targetHints":{"allow":["GET"]}}],"collection":[{"href":"https:\/\/annettemorris.art\/fr\/wp-json\/wp\/v2\/pages"}],"about":[{"href":"https:\/\/annettemorris.art\/fr\/wp-json\/wp\/v2\/types\/page"}],"author":[{"embeddable":true,"href":"https:\/\/annettemorris.art\/fr\/wp-json\/wp\/v2\/users\/3"}],"replies":[{"embeddable":true,"href":"https:\/\/annettemorris.art\/fr\/wp-json\/wp\/v2\/comments?post=9624"}],"version-history":[{"count":0,"href":"https:\/\/annettemorris.art\/fr\/wp-json\/wp\/v2\/pages\/9624\/revisions"}],"wp:attachment":[{"href":"https:\/\/annettemorris.art\/fr\/wp-json\/wp\/v2\/media?parent=9624"}],"curies":[{"name":"wp","href":"https:\/\/api.w.org\/{rel}","templated":true}]}}