{"id":10545,"date":"2020-07-07T09:52:00","date_gmt":"2020-07-07T07:52:00","guid":{"rendered":"https:\/\/amsketching.com\/?page_id=10545"},"modified":"2020-07-07T09:52:01","modified_gmt":"2020-07-07T07:52:01","slug":"croquis-croisiere-canal-du-midi","status":"publish","type":"page","link":"https:\/\/annettemorris.art\/fr\/sketch-languedoc\/croquis-croisiere-canal-du-midi\/","title":{"rendered":"Croquis &#038; Croisi\u00e8re!"},"content":{"rendered":"<div id=\"pl-10545\"  class=\"panel-layout\" ><div id=\"pg-10545-0\"  class=\"panel-grid panel-no-style\" ><div id=\"pgc-10545-0-0\"  class=\"panel-grid-cell\" ><div id=\"panel-10545-0-0-0\" class=\"so-panel widget widget_sow-editor panel-first-child panel-last-child\" data-index=\"0\" ><div\n\t\t\t\n\t\t\tclass=\"so-widget-sow-editor so-widget-sow-editor-base\"\n\t\t\t\n\t\t>\n<div class=\"siteorigin-widget-tinymce textwidget\">\n\t<div class=\"kad-mosaic-gallery-wrapper\"><div id=\"kad-wp-gallery334\" class=\"kad-wp-gallery gallery reinit-isotope init-mosaic-isotope kad-light-gallery row-nomargin clearfix\" data-iso-selector=\".g_item\" data-iso-style=\"packery\" data-mosaic-selector=\".mosaic-grid-size\" data-iso-filter=\"false\"><div class=\"col-xxl-3 col-xl-6 col-md-6 col-sm-12 col-xs-12 col-ss-12 g_item g_item_1\"><div class=\"grid_item kt_item_fade_in kad_gallery_fade_in gallery_item g_mosiac_item grid_mosiac_item\" style=\"padding-bottom:100%;\"><div class=\"g_mosiac_item_inner\"><div class=\"g_mosiac_item_image_case kt-intrinsic\"><div itemprop=\"image\" itemscope itemtype=\"http:\/\/schema.org\/ImageObject\"><img loading=\"lazy\" decoding=\"async\" width=\"800\" height=\"800\" src=\"https:\/\/annettemorris.art\/wp-content\/uploads\/2020\/07\/port-robine-scaled-800x800.jpg\" srcset=\"https:\/\/annettemorris.art\/wp-content\/uploads\/2020\/07\/port-robine-scaled-800x800.jpg 800w, https:\/\/annettemorris.art\/wp-content\/uploads\/2020\/07\/port-robine-150x150.jpg 150w, https:\/\/annettemorris.art\/wp-content\/uploads\/2020\/07\/port-robine-100x100.jpg 100w, https:\/\/annettemorris.art\/wp-content\/uploads\/2020\/07\/port-robine-scaled-1600x1600.jpg 1600w\" sizes=\"auto, (max-width: 800px) 100vw, 800px\"  class=\"kt-gallery-img\" itemprop=\"contentUrl\" alt=\"\"><meta itemprop=\"url\" content=\"https:\/\/annettemorris.art\/wp-content\/uploads\/2020\/07\/port-robine-scaled-800x800.jpg\"><meta itemprop=\"width\" content=\"800px\"><meta itemprop=\"height\" content=\"800px\"><\/div><\/div><\/div><\/div><\/div><div class=\"col-xxl-3 col-xl-6 col-md-6 col-sm-12 col-xs-12 col-ss-12 mosaic-large-square-grid-size g_item g_item_2\"><div class=\"grid_item kt_item_fade_in kad_gallery_fade_in gallery_item g_mosiac_item grid_mosiac_item\" style=\"padding-bottom:50%;\"><div class=\"g_mosiac_item_inner\"><div class=\"g_mosiac_item_image_case kt-intrinsic\"><div itemprop=\"image\" itemscope itemtype=\"http:\/\/schema.org\/ImageObject\"><img loading=\"lazy\" decoding=\"async\" width=\"800\" height=\"400\" src=\"https:\/\/annettemorris.art\/wp-content\/uploads\/2018\/01\/capestang-jehoede-e1528962922838-800x400.jpg\"    class=\"kt-gallery-img\" itemprop=\"contentUrl\" alt=\"\"><meta itemprop=\"url\" content=\"https:\/\/annettemorris.art\/wp-content\/uploads\/2018\/01\/capestang-jehoede-e1528962922838-800x400.jpg\"><meta itemprop=\"width\" content=\"800px\"><meta itemprop=\"height\" content=\"400px\"><\/div><\/div><\/div><\/div><\/div><div class=\"col-xxl-3 col-xl-3 col-md-3 col-sm-6 col-xs-6 col-ss-12 mosaic-grid-size g_item g_item_3\"><div class=\"grid_item kt_item_fade_in kad_gallery_fade_in gallery_item g_mosiac_item grid_mosiac_item\" style=\"padding-bottom:100%;\"><div class=\"g_mosiac_item_inner\"><div class=\"g_mosiac_item_image_case kt-intrinsic\"><div itemprop=\"image\" itemscope itemtype=\"http:\/\/schema.org\/ImageObject\"><img loading=\"lazy\" decoding=\"async\" width=\"400\" height=\"400\" src=\"https:\/\/annettemorris.art\/wp-content\/uploads\/2020\/07\/sallelesdaude-scaled-400x400.jpg\" srcset=\"https:\/\/annettemorris.art\/wp-content\/uploads\/2020\/07\/sallelesdaude-scaled-400x400.jpg 400w, https:\/\/annettemorris.art\/wp-content\/uploads\/2020\/07\/sallelesdaude-150x150.jpg 150w, https:\/\/annettemorris.art\/wp-content\/uploads\/2020\/07\/sallelesdaude-100x100.jpg 100w, https:\/\/annettemorris.art\/wp-content\/uploads\/2020\/07\/sallelesdaude-scaled-800x800.jpg 800w\" sizes=\"auto, (max-width: 400px) 100vw, 400px\"  class=\"kt-gallery-img\" itemprop=\"contentUrl\" alt=\"\"><meta itemprop=\"url\" content=\"https:\/\/annettemorris.art\/wp-content\/uploads\/2020\/07\/sallelesdaude-scaled-400x400.jpg\"><meta itemprop=\"width\" content=\"400px\"><meta itemprop=\"height\" content=\"400px\"><\/div><\/div><\/div><\/div><\/div><div class=\"col-xxl-3 col-xl-3 col-md-3 col-sm-6 col-xs-6 col-ss-12 mosaic-grid-size g_item g_item_4\"><div class=\"grid_item kt_item_fade_in kad_gallery_fade_in gallery_item g_mosiac_item grid_mosiac_item\" style=\"padding-bottom:100%;\"><div class=\"g_mosiac_item_inner\"><div class=\"g_mosiac_item_image_case kt-intrinsic\"><div itemprop=\"image\" itemscope itemtype=\"http:\/\/schema.org\/ImageObject\"><img loading=\"lazy\" decoding=\"async\" width=\"400\" height=\"400\" src=\"https:\/\/annettemorris.art\/wp-content\/uploads\/2020\/07\/capestang-port-canal-du-midi-scaled-400x400.jpg\" srcset=\"https:\/\/annettemorris.art\/wp-content\/uploads\/2020\/07\/capestang-port-canal-du-midi-scaled-400x400.jpg 400w, https:\/\/annettemorris.art\/wp-content\/uploads\/2020\/07\/capestang-port-canal-du-midi-150x150.jpg 150w, https:\/\/annettemorris.art\/wp-content\/uploads\/2020\/07\/capestang-port-canal-du-midi-100x100.jpg 100w, https:\/\/annettemorris.art\/wp-content\/uploads\/2020\/07\/capestang-port-canal-du-midi-scaled-800x800.jpg 800w\" sizes=\"auto, (max-width: 400px) 100vw, 400px\"  class=\"kt-gallery-img\" itemprop=\"contentUrl\" alt=\"\"><meta itemprop=\"url\" content=\"https:\/\/annettemorris.art\/wp-content\/uploads\/2020\/07\/capestang-port-canal-du-midi-scaled-400x400.jpg\"><meta itemprop=\"width\" content=\"400px\"><meta itemprop=\"height\" content=\"400px\"><\/div><\/div><\/div><\/div><\/div><\/div><\/div>\n<p>&nbsp;<\/p>\n<p>Une exp\u00e9rience en dessin unique en naviguant sur les voies paisibles du magnifique Canal du Midi. Nous serons les seuls passagers \u00e0 bord!<\/p>\n<p>De notre si\u00e8ge nous profiterons d'une perspective totalement diff\u00e9rente sur les environnements qui regorgent de formes multiples, de couleurs et de lumi\u00e8re int\u00e9ressantes.<\/p>\n<p>Ce voyage en tout tranquilit\u00e9 nous donne l\u2019occasion de d\u00e9couvrir et mettre sur papier quelques joyaux cach\u00e9s de cet exploit d\u2019ing\u00e9nierie, \u00e9galement un site du patrimoine mondial de l\u2019UNESCO.<\/p>\n<p>Id\u00e9al pour des groupes priv\u00e9 \u00e0 partir de 2 personnes.<\/p>\n<p>Caf\u00e9 et croissant sont inclus dans le prix.\u00a0 Un repas le midi sera servi \u00e0 bord ou dans un restaurant au bord du canal - \u00e0 votre choix!<\/p>\n<p>Pour tous renseignements email <a href=\"mailto:annette@sketchlanguedoc.com\" target=\"_blank\" rel=\"noopener\">annette@sketchlanguedoc.com<\/a><\/p>\n<p><em>A noter: Sur le bateau un niveau raisonnable de mobilit\u00e9 physique est n\u00e9cessaire. Une protection contre le soleil, des v\u00eatements amples et des chaussures plates et confortables avec du caoutchouc ou des semelles de bonne adh\u00e9rence sont conseill\u00e9s.<\/em><\/p>\n<p>&nbsp;<\/p>\n<\/div>\n<\/div><\/div><\/div><\/div><\/div>","protected":false},"excerpt":{"rendered":"<p>&nbsp; Une exp\u00e9rience en dessin unique en naviguant sur les voies paisibles du magnifique Canal du Midi. Nous serons les seuls passagers \u00e0 bord! De notre si\u00e8ge nous profiterons d&rsquo;une perspective totalement diff\u00e9rente sur les environnements qui regorgent de formes &hellip; <a class=\"kt-excerpt-readmore more-link\" href=\"https:\/\/annettemorris.art\/fr\/sketch-languedoc\/croquis-croisiere-canal-du-midi\/\" aria-label=\"Croquis &#038; Croisi\u00e8re!\">Read More<\/a><\/p>\n","protected":false},"author":2,"featured_media":10562,"parent":14004,"menu_order":0,"comment_status":"closed","ping_status":"closed","template":"","meta":{"kt_blocks_editor_width":"","_price":"","_stock":"","_tribe_ticket_header":"","_tribe_default_ticket_provider":"Tribe__Tickets_Plus__Commerce__WooCommerce__Main","_tribe_ticket_capacity":"0","_ticket_start_date":"","_ticket_end_date":"","_tribe_ticket_show_description":"","_tribe_ticket_show_not_going":false,"_tribe_ticket_use_global_stock":"","_tribe_ticket_global_stock_level":"","_global_stock_mode":"","_global_stock_cap":"","_tribe_rsvp_for_event":"","_tribe_ticket_going_count":"","_tribe_ticket_not_going_count":"","_tribe_tickets_list":"[]","_tribe_ticket_has_attendee_info_fields":false,"footnotes":"","_tec_slr_enabled":"","_tec_slr_layout":"","_links_to":"","_links_to_target":""},"class_list":["post-10545","page","type-page","status-publish","has-post-thumbnail","hentry"],"aioseo_notices":[],"ticketed":false,"_links":{"self":[{"href":"https:\/\/annettemorris.art\/fr\/wp-json\/wp\/v2\/pages\/10545","targetHints":{"allow":["GET"]}}],"collection":[{"href":"https:\/\/annettemorris.art\/fr\/wp-json\/wp\/v2\/pages"}],"about":[{"href":"https:\/\/annettemorris.art\/fr\/wp-json\/wp\/v2\/types\/page"}],"author":[{"embeddable":true,"href":"https:\/\/annettemorris.art\/fr\/wp-json\/wp\/v2\/users\/2"}],"replies":[{"embeddable":true,"href":"https:\/\/annettemorris.art\/fr\/wp-json\/wp\/v2\/comments?post=10545"}],"version-history":[{"count":0,"href":"https:\/\/annettemorris.art\/fr\/wp-json\/wp\/v2\/pages\/10545\/revisions"}],"up":[{"embeddable":true,"href":"https:\/\/annettemorris.art\/fr\/wp-json\/wp\/v2\/pages\/14004"}],"wp:featuredmedia":[{"embeddable":true,"href":"https:\/\/annettemorris.art\/fr\/wp-json\/wp\/v2\/media\/10562"}],"wp:attachment":[{"href":"https:\/\/annettemorris.art\/fr\/wp-json\/wp\/v2\/media?parent=10545"}],"curies":[{"name":"wp","href":"https:\/\/api.w.org\/{rel}","templated":true}]}}