{"id":10327,"date":"2018-10-16T13:36:11","date_gmt":"2018-10-16T11:36:11","guid":{"rendered":"https:\/\/amsketching.com\/about\/"},"modified":"2020-06-08T13:27:31","modified_gmt":"2020-06-08T11:27:31","slug":"annette-morris","status":"publish","type":"page","link":"https:\/\/annettemorris.art\/fr\/annette-morris\/","title":{"rendered":"A propos"},"content":{"rendered":"<div id=\"pl-10327\"  class=\"panel-layout\" ><div id=\"pg-10327-0\"  class=\"panel-grid panel-has-style\" ><div class=\"siteorigin-panels-stretch kt-panel-row-stretch panel-row-style panel-row-style-for-10327-0\" style=\"opacity: 0;border-bottom: 0px solid; \" data-stretch-type=\"full\" ><div id=\"pgc-10327-0-0\"  class=\"panel-grid-cell\" ><div id=\"panel-10327-0-0-0\" class=\"so-panel widget widget_sow-editor panel-first-child\" data-index=\"0\" ><div\n\t\t\t\n\t\t\tclass=\"so-widget-sow-editor so-widget-sow-editor-base\"\n\t\t\t\n\t\t>\n<div class=\"siteorigin-widget-tinymce textwidget\">\n\t<h1 style=\"text-align: center;\">A propos<\/h1>\n<p>Je suis britannique et vis dans le Languedoc depuis plus de 10 ans. En plus d\u2019\u00eatre une francophile bilingue et dessinatrice des sites web, je suis une artiste exposante et fondatrice de <a href=\"http:\/\/facebook.com\/groups\/sketchlanguedoc\" target=\"_blank\" rel=\"noopener\"><strong>Urban Sketchers Languedoc<\/strong><\/a>.<\/p>\n<p>Dans les ateliers Sketch Languedoc! je vous aiderai \u00e0 d\u00e9couvrir ou \u00e0 progresser votre sketching jusqu'\u00e0 vous vous sentiez confiant et passionn\u00e9 par vos talents. Chaque classe est diff\u00e9rente et il y a d'innombrables occasions d'apprendre quelque chose de nouveau. L\u2019accent est mis sur l\u2019observation, le plaisir de la vie dans le \u00abmaintenant\u00bb!<\/p>\n<p>Je ne vous apprendra pas \u00e0 peindre une peinture 'parfaite', l'objectif est de dessiner ce que vous voyez sur place, vos impressions, vos souvenirs, lorsque vous n'avez que quelques heures. Ces ateliers intensifs vous aideront \u00e0 d\u00e9velopper vos comp\u00e9tences \u00e0 travers diff\u00e9rents sujets et techniques.<\/p>\n<p>La vie d'aujourd'hui est trop ax\u00e9e sur le raisonnement et la logique. Avec les croquis nous rentrons en contact avec nos c\u00f4t\u00e9s cr\u00e9atifs. L'accent est mis sur l'amusement et le plaisir de d\u00e9couvrir la beaut\u00e9 autour de nous quotidiennement.<\/p>\n<p>Egalement, avec cette limite de temps, vous n'avez pas la possibilit\u00e9 de \"trop \u200b\u200bpenser\" ou de \"surcharger\" votre croquis. Le stylo prend le relais, pas le cerveau. Certaines personnes l'appellent la pleine conscience, moi je l'appelle sketching!<\/p>\n<p>Si vous n\u2019avez jamais dessin\u00e9 auparavant, ou vous ne vous sentez pas capable de le faire seul(e), laissez-vous surprendre par ce que vous pouvez apprendre en quelques heures seulement! Vous n\u2019avez besoin d'apporter que vous-m\u00eame et un esprit ouvert!<\/p>\n<p>Merci d'avoir visit\u00e9 mon site - et comme beaucoup de cr\u00e9ations, cette un travail en cours....<\/p>\n<\/div>\n<\/div><\/div>\n          <div id=\"panel-10327-0-0-1\" class=\"so-panel widget widget_kadence_gallery_widget kadence_gallery_widget panel-last-child\" data-index=\"1\" ><div id=\"kad-wp-gallerywidget-0-0-1\" class=\"kad-wp-gallery kt-gallery-tiles gallery init-tiles-justified kad-light-gallery clearfix\" data-gallery-height=\"200\" data-gallery-lastrow=\"nojustify\" data-gallery-margins=\"3\"><div class=\"g_item\" style=\"float:left;\"><div class=\"grid_item kad_gallery_fade_in gallery_item\"><a href=\"https:\/\/annettemorris.art\/wp-content\/uploads\/2019\/08\/upsidedownagain-assignan.jpg\" data-rel=\"lightbox\" class=\"gallery-link\" style=\"\"><div itemprop=\"image\" itemscope itemtype=\"http:\/\/schema.org\/ImageObject\"><img loading=\"lazy\" decoding=\"async\" width=\"278\" height=\"300\" src=\"https:\/\/annettemorris.art\/wp-content\/uploads\/2019\/08\/upsidedownagain-assignan-278x300.jpg\" srcset=\"https:\/\/annettemorris.art\/wp-content\/uploads\/2019\/08\/upsidedownagain-assignan-278x300.jpg 278w, https:\/\/annettemorris.art\/wp-content\/uploads\/2019\/08\/upsidedownagain-assignan-768x828.jpg 768w, https:\/\/annettemorris.art\/wp-content\/uploads\/2019\/08\/upsidedownagain-assignan-500x539.jpg 500w, https:\/\/annettemorris.art\/wp-content\/uploads\/2019\/08\/upsidedownagain-assignan-556x600.jpg 556w, https:\/\/annettemorris.art\/wp-content\/uploads\/2019\/08\/upsidedownagain-assignan.jpg 880w\" sizes=\"auto, (max-width: 278px) 100vw, 278px\"  class=\"kt-gallery-img\" itemprop=\"contentUrl\" alt=\"\"><meta itemprop=\"url\" content=\"https:\/\/annettemorris.art\/wp-content\/uploads\/2019\/08\/upsidedownagain-assignan-278x300.jpg\"><meta itemprop=\"width\" content=\"278px\"><meta itemprop=\"height\" content=\"300px\"><\/div><\/a><\/div><\/div><div class=\"g_item\" style=\"float:left;\"><div class=\"grid_item kad_gallery_fade_in gallery_item\"><a href=\"https:\/\/annettemorris.art\/wp-content\/uploads\/2019\/09\/millepetit-group-1024x768.jpg\" data-rel=\"lightbox\" class=\"gallery-link\" style=\"\"><div itemprop=\"image\" itemscope itemtype=\"http:\/\/schema.org\/ImageObject\"><img loading=\"lazy\" decoding=\"async\" width=\"400\" height=\"300\" src=\"https:\/\/annettemorris.art\/wp-content\/uploads\/2019\/09\/millepetit-group-400x300.jpg\" srcset=\"https:\/\/annettemorris.art\/wp-content\/uploads\/2019\/09\/millepetit-group-400x300.jpg 400w, https:\/\/annettemorris.art\/wp-content\/uploads\/2019\/09\/millepetit-group-300x225.jpg 300w, https:\/\/annettemorris.art\/wp-content\/uploads\/2019\/09\/millepetit-group-768x576.jpg 768w, https:\/\/annettemorris.art\/wp-content\/uploads\/2019\/09\/millepetit-group-1024x768.jpg 1024w, https:\/\/annettemorris.art\/wp-content\/uploads\/2019\/09\/millepetit-group-500x375.jpg 500w, https:\/\/annettemorris.art\/wp-content\/uploads\/2019\/09\/millepetit-group-800x600.jpg 800w, https:\/\/annettemorris.art\/wp-content\/uploads\/2019\/09\/millepetit-group.jpg 1600w\" sizes=\"auto, (max-width: 400px) 100vw, 400px\"  class=\"kt-gallery-img\" itemprop=\"contentUrl\" alt=\"\"><meta itemprop=\"url\" content=\"https:\/\/annettemorris.art\/wp-content\/uploads\/2019\/09\/millepetit-group-400x300.jpg\"><meta itemprop=\"width\" content=\"400px\"><meta itemprop=\"height\" content=\"300px\"><\/div><\/a><\/div><\/div><div class=\"g_item\" style=\"float:left;\"><div class=\"grid_item kad_gallery_fade_in gallery_item\"><a href=\"https:\/\/annettemorris.art\/wp-content\/uploads\/2019\/09\/teaching-in-beziers.jpg\" data-rel=\"lightbox\" class=\"gallery-link\" style=\"\"><div itemprop=\"image\" itemscope itemtype=\"http:\/\/schema.org\/ImageObject\"><img loading=\"lazy\" decoding=\"async\" width=\"479\" height=\"300\" src=\"https:\/\/annettemorris.art\/wp-content\/uploads\/2019\/09\/teaching-in-beziers-479x300.jpg\" srcset=\"https:\/\/annettemorris.art\/wp-content\/uploads\/2019\/09\/teaching-in-beziers-479x300.jpg 479w, https:\/\/annettemorris.art\/wp-content\/uploads\/2019\/09\/teaching-in-beziers-300x188.jpg 300w, https:\/\/annettemorris.art\/wp-content\/uploads\/2019\/09\/teaching-in-beziers.jpg 500w\" sizes=\"auto, (max-width: 479px) 100vw, 479px\"  class=\"kt-gallery-img\" itemprop=\"contentUrl\" alt=\"\"><meta itemprop=\"url\" content=\"https:\/\/annettemorris.art\/wp-content\/uploads\/2019\/09\/teaching-in-beziers-479x300.jpg\"><meta itemprop=\"width\" content=\"479px\"><meta itemprop=\"height\" content=\"300px\"><\/div><\/a><\/div><\/div><div class=\"g_item\" style=\"float:left;\"><div class=\"grid_item kad_gallery_fade_in gallery_item\"><a href=\"https:\/\/annettemorris.art\/wp-content\/uploads\/2017\/03\/sketching-at-le-somail.jpg\" data-rel=\"lightbox\" class=\"gallery-link\" style=\"\"><div itemprop=\"image\" itemscope itemtype=\"http:\/\/schema.org\/ImageObject\"><img loading=\"lazy\" decoding=\"async\" width=\"400\" height=\"300\" src=\"https:\/\/annettemorris.art\/wp-content\/uploads\/2017\/03\/sketching-at-le-somail-400x300.jpg\" srcset=\"https:\/\/annettemorris.art\/wp-content\/uploads\/2017\/03\/sketching-at-le-somail-400x300.jpg 400w, https:\/\/annettemorris.art\/wp-content\/uploads\/2017\/03\/sketching-at-le-somail-500x375.jpg 500w, https:\/\/annettemorris.art\/wp-content\/uploads\/2017\/03\/sketching-at-le-somail-300x225.jpg 300w, https:\/\/annettemorris.art\/wp-content\/uploads\/2017\/03\/sketching-at-le-somail-768x576.jpg 768w, https:\/\/annettemorris.art\/wp-content\/uploads\/2017\/03\/sketching-at-le-somail-560x420.jpg 560w, https:\/\/annettemorris.art\/wp-content\/uploads\/2017\/03\/sketching-at-le-somail-600x450.jpg 600w, https:\/\/annettemorris.art\/wp-content\/uploads\/2017\/03\/sketching-at-le-somail-800x600.jpg 800w, https:\/\/annettemorris.art\/wp-content\/uploads\/2017\/03\/sketching-at-le-somail.jpg 1000w\" sizes=\"auto, (max-width: 400px) 100vw, 400px\"  class=\"kt-gallery-img\" itemprop=\"contentUrl\" alt=\"\"><meta itemprop=\"url\" content=\"https:\/\/annettemorris.art\/wp-content\/uploads\/2017\/03\/sketching-at-le-somail-400x300.jpg\"><meta itemprop=\"width\" content=\"400px\"><meta itemprop=\"height\" content=\"300px\"><\/div><\/a><\/div><\/div><div class=\"g_item\" style=\"float:left;\"><div class=\"grid_item kad_gallery_fade_in gallery_item\"><a href=\"https:\/\/annettemorris.art\/wp-content\/uploads\/2020\/05\/teaching-upside-down-768x1024.jpg\" data-rel=\"lightbox\" class=\"gallery-link\" style=\"\"><div itemprop=\"image\" itemscope itemtype=\"http:\/\/schema.org\/ImageObject\"><img loading=\"lazy\" decoding=\"async\" width=\"225\" height=\"300\" src=\"https:\/\/annettemorris.art\/wp-content\/uploads\/2020\/05\/teaching-upside-down-225x300.jpg\" srcset=\"https:\/\/annettemorris.art\/wp-content\/uploads\/2020\/05\/teaching-upside-down-225x300.jpg 225w, https:\/\/annettemorris.art\/wp-content\/uploads\/2020\/05\/teaching-upside-down-768x1024.jpg 768w, https:\/\/annettemorris.art\/wp-content\/uploads\/2020\/05\/teaching-upside-down-1152x1536.jpg 1152w, https:\/\/annettemorris.art\/wp-content\/uploads\/2020\/05\/teaching-upside-down-1536x2048.jpg 1536w, https:\/\/annettemorris.art\/wp-content\/uploads\/2020\/05\/teaching-upside-down-500x667.jpg 500w, https:\/\/annettemorris.art\/wp-content\/uploads\/2020\/05\/teaching-upside-down-450x600.jpg 450w, https:\/\/annettemorris.art\/wp-content\/uploads\/2020\/05\/teaching-upside-down-scaled.jpg 1200w\" sizes=\"auto, (max-width: 225px) 100vw, 225px\"  class=\"kt-gallery-img\" itemprop=\"contentUrl\" alt=\"\"><meta itemprop=\"url\" content=\"https:\/\/annettemorris.art\/wp-content\/uploads\/2020\/05\/teaching-upside-down-225x300.jpg\"><meta itemprop=\"width\" content=\"225px\"><meta itemprop=\"height\" content=\"300px\"><\/div><\/a><\/div><\/div><div class=\"g_item\" style=\"float:left;\"><div class=\"grid_item kad_gallery_fade_in gallery_item\"><a href=\"https:\/\/annettemorris.art\/wp-content\/uploads\/2020\/05\/me-usknimes-rosagarcia-1024x684.jpg\" data-rel=\"lightbox\" class=\"gallery-link\" style=\"\"><div itemprop=\"image\" itemscope itemtype=\"http:\/\/schema.org\/ImageObject\"><img loading=\"lazy\" decoding=\"async\" width=\"449\" height=\"300\" src=\"https:\/\/annettemorris.art\/wp-content\/uploads\/2020\/05\/me-usknimes-rosagarcia-449x300.jpg\" srcset=\"https:\/\/annettemorris.art\/wp-content\/uploads\/2020\/05\/me-usknimes-rosagarcia-449x300.jpg 449w, https:\/\/annettemorris.art\/wp-content\/uploads\/2020\/05\/me-usknimes-rosagarcia-300x200.jpg 300w, https:\/\/annettemorris.art\/wp-content\/uploads\/2020\/05\/me-usknimes-rosagarcia-1024x684.jpg 1024w, https:\/\/annettemorris.art\/wp-content\/uploads\/2020\/05\/me-usknimes-rosagarcia-768x513.jpg 768w, https:\/\/annettemorris.art\/wp-content\/uploads\/2020\/05\/me-usknimes-rosagarcia-1536x1026.jpg 1536w, https:\/\/annettemorris.art\/wp-content\/uploads\/2020\/05\/me-usknimes-rosagarcia-500x334.jpg 500w, https:\/\/annettemorris.art\/wp-content\/uploads\/2020\/05\/me-usknimes-rosagarcia-272x182.jpg 272w, https:\/\/annettemorris.art\/wp-content\/uploads\/2020\/05\/me-usknimes-rosagarcia-898x600.jpg 898w, https:\/\/annettemorris.art\/wp-content\/uploads\/2020\/05\/me-usknimes-rosagarcia.jpg 1600w\" sizes=\"auto, (max-width: 449px) 100vw, 449px\"  class=\"kt-gallery-img\" itemprop=\"contentUrl\" alt=\"\"><meta itemprop=\"url\" content=\"https:\/\/annettemorris.art\/wp-content\/uploads\/2020\/05\/me-usknimes-rosagarcia-449x300.jpg\"><meta itemprop=\"width\" content=\"449px\"><meta itemprop=\"height\" content=\"300px\"><\/div><\/a><\/div><\/div><\/div><\/div>\n    <\/div><div id=\"pgc-10327-0-1\"  class=\"panel-grid-cell\" ><div id=\"panel-10327-0-1-0\" class=\"so-panel widget widget_kadence_about_with_image kadence_about_with_image panel-first-child\" data-index=\"2\" ><div class=\"kad_img_upload_widget kt-shape-type-kt-image-shape-circle kt-image-align-center kt-image-widget-widget-0-1-0\"><div style=\"max-width:300px; margin:0 auto\"><a href=\"http:\/\/facebook.com\/annettemorris.art\" target=\"_blank\"><div class=\"kt-image-contain kt-image-shadow-small kt-image-shape-circle\"><div class=\"kt-image-inner-contain\"><img loading=\"lazy\" decoding=\"async\" width=\"300\" height=\"270\" src=\"https:\/\/annettemorris.art\/wp-content\/uploads\/2018\/10\/annette-morris-sketcher-300x270.jpg\" class=\"attachment-medium size-medium\" alt=\"\" srcset=\"https:\/\/annettemorris.art\/wp-content\/uploads\/2018\/10\/annette-morris-sketcher-300x270.jpg 300w, https:\/\/annettemorris.art\/wp-content\/uploads\/2018\/10\/annette-morris-sketcher.jpg 340w, https:\/\/annettemorris.art\/wp-content\/uploads\/2018\/10\/annette-morris-sketcher-170x153.jpg 170w\" sizes=\"auto, (max-width: 300px) 100vw, 300px\" \/><\/div><\/div><\/a><\/div><\/div><\/div><div id=\"panel-10327-0-1-1\" class=\"so-panel widget widget_kadence_testimonials_slider kadence_testimonials_slider panel-last-child\" data-index=\"3\" ><h2 class=\"widget-title\">Reviews &#038; Feedback<\/h2>          <div id=\"carouselcontainer-widget-0-1-1\" class=\"row testimonial-widget-carousel-outer\">\n          \t<div id=\"testimonial-widget-carousel-widget-0-1-1\" class=\"slick-slider kt_testimonial_carousel kt-slickslider kt-content-carousel loading clearfix\" data-slider-fade=\"false\" data-slider-dots=\"false\" data-slider-arrows=\"false\"  data-slider-type=\"content-carousel\" data-slider-anim-speed=\"400\" data-slider-scroll=\"1\" data-slider-auto=\"true\" data-slider-speed=\"9000\" data-slider-xxl=\"1\" data-slider-xl=\"1\" data-slider-md=\"1\" data-slider-sm=\"1\" data-slider-xs=\"1\" data-slider-ss=\"1\">\n            \t<div class=\"col-xxl-12 col-xl-12 col-md-12 col-sm-12 col-xs-12 col-ss-12 t_item\">\n\t    <div class=\"grid_item testimonial_item kt_item_fade_in postclass\">\n\t        <div class=\"testimonial-box clearfix\">\n\t        \t<div class=\"testimonial-img\">\n\t\t\t\t\t<i class=\"kt-icon-quotes-left\"><\/i>\t            <\/div> \n\t            <p>Annette is a wonderful artist and teacher! I am a beginner watercolorist, although I do have some experience with the medium. Annette explains and demonstrates things very well. Added to a lovely, upbeat personality, her demos and workshops are great! What I have enjoyed the most is her selection of locations in France as references. I love traveling around the Mediterranean, particularly Italy, and want to learn to capture my travels (in person and my photos) in a watercolor sketchbook. I will be doing her master class in this series next!<\/p>\n\t\t\t<\/div>\n\t\t\t<div class=\"testimonial-bottom\">\n\t\t\t\t<div class=\"lipbg kad-arrow-down\"><\/div>\n\t\t\t\t<p>\n\t\t\t\t\t<strong>Cindy Marie L.<\/strong>\n\t\t\t\t     - May 2022\t\t      \t<\/p>\n\t\t\t<\/div>\n\t\t<\/div>\n\t<\/div>\n\n\t<div class=\"col-xxl-12 col-xl-12 col-md-12 col-sm-12 col-xs-12 col-ss-12 t_item\">\n\t    <div class=\"grid_item testimonial_item kt_item_fade_in postclass\">\n\t        <div class=\"testimonial-box clearfix\">\n\t        \t<div class=\"testimonial-img\">\n\t\t\t\t\t<i class=\"kt-icon-quotes-left\"><\/i>\t            <\/div> \n\t            <p>Have spent the last 3 days painting with <span class=\"html-span xdj266r x14z9mp xat24cr x1lziwak xexx8yu xyri2b x18d9i69 x1c1uobl x1hl2dhg x16tdsg8 x1vvkbs\"><a class=\"x1i10hfl xjbqb8w x1ejq31n x18oe1m7 x1sy0etr xstzfhl x972fbf x10w94by x1qhh985 x14e42zd x9f619 x1ypdohk xt0psk2 x3ct3a4 xdj266r x14z9mp xat24cr x1lziwak xexx8yu xyri2b x18d9i69 x1c1uobl x16tdsg8 x1hl2dhg xggy1nq x1a2a7pz xkrqix3 x1sur9pj x1fey0fg x1s688f\" tabindex=\"0\" role=\"link\" href=\"https:\/\/www.facebook.com\/lafranglaise69?__cft__[0]=AZU0tXPfIavboVoqdJ5moiL-rdwWSjBtXIP9DITcVzflbjCe_u763XyXR_tgUeTQXBPmrwLaY-aUL5-RK7pDpaMXIzD0jR7bt6FFH1NgL1ldWI2byl_7hJOaY3_FF5eipyw&amp;__tn__=-]K-R\"><span class=\"xt0psk2\"><span class=\"xjp7ctv\">Annette Morris<\/span><\/span><\/a><\/span>. What a great time and teacher. Learn so much each time I paint with her. With her guidance anyone can draw and paint.<\/p>\n\t\t\t<\/div>\n\t\t\t<div class=\"testimonial-bottom\">\n\t\t\t\t<div class=\"lipbg kad-arrow-down\"><\/div>\n\t\t\t\t<p>\n\t\t\t\t\t<strong>Ruthanne W.<\/strong>\n\t\t\t\t     - August 2025\t\t      \t<\/p>\n\t\t\t<\/div>\n\t\t<\/div>\n\t<\/div>\n\n\t<div class=\"col-xxl-12 col-xl-12 col-md-12 col-sm-12 col-xs-12 col-ss-12 t_item\">\n\t    <div class=\"grid_item testimonial_item kt_item_fade_in postclass\">\n\t        <div class=\"testimonial-box clearfix\">\n\t        \t<div class=\"testimonial-img\">\n\t\t\t\t\t<i class=\"kt-icon-quotes-left\"><\/i>\t            <\/div> \n\t            <p>Having recently completed the Watercolour Sketching for beginners course I can highly recommend both the course and the excellent teacher, Annette. Being a complete novice I was amazed and thrilled by the many skills I learnt and the wonderful paintings I was able to produce. Annette is a friendly and enthusiastic person and a brilliant teacher.<\/p>\n\t\t\t<\/div>\n\t\t\t<div class=\"testimonial-bottom\">\n\t\t\t\t<div class=\"lipbg kad-arrow-down\"><\/div>\n\t\t\t\t<p>\n\t\t\t\t\t<strong>Angela Q.  &#x2b50;&#xfe0f;&#x2b50;&#xfe0f;&#x2b50;&#xfe0f;&#x2b50;&#xfe0f;&#x2b50;&#xfe0f;<\/strong>\n\t\t\t\t     - January 2021\t\t      \t<\/p>\n\t\t\t<\/div>\n\t\t<\/div>\n\t<\/div>\n\n\t<div class=\"col-xxl-12 col-xl-12 col-md-12 col-sm-12 col-xs-12 col-ss-12 t_item\">\n\t    <div class=\"grid_item testimonial_item kt_item_fade_in postclass\">\n\t        <div class=\"testimonial-box clearfix\">\n\t        \t<div class=\"testimonial-img\">\n\t\t\t\t\t<i class=\"kt-icon-quotes-left\"><\/i>\t            <\/div> \n\t            <p>I live in southern France and I&rsquo;m fortunate to have been able to participate in several of Annette&rsquo;s workshops, from a half-day to several days. I enjoy her style of teaching, not prescriptive and encouraging to all levels. In the course of the last five years I have learned a huge amount about sketching and watercolours from her and I believe I&rsquo;ve improved hugely. Even though I live here I&rsquo;ve learned much about the area through Annette&rsquo;s local knowledge. If you&rsquo;re visiting the area it&rsquo;s a great way to get to know it and make some holiday memories. Next month I&rsquo;m joining her workshops at Collioure further south on the coast. I&rsquo;m looking forward to it very much.<\/p>\n\t\t\t<\/div>\n\t\t\t<div class=\"testimonial-bottom\">\n\t\t\t\t<div class=\"lipbg kad-arrow-down\"><\/div>\n\t\t\t\t<p>\n\t\t\t\t\t<strong>Frances M.<\/strong>\n\t\t\t\t     - June 2025\t\t      \t<\/p>\n\t\t\t<\/div>\n\t\t<\/div>\n\t<\/div>\n\n\t<div class=\"col-xxl-12 col-xl-12 col-md-12 col-sm-12 col-xs-12 col-ss-12 t_item\">\n\t    <div class=\"grid_item testimonial_item kt_item_fade_in postclass\">\n\t        <div class=\"testimonial-box clearfix\">\n\t        \t<div class=\"testimonial-img\">\n\t\t\t\t\t<i class=\"kt-icon-quotes-left\"><\/i>\t            <\/div> \n\t            <p>I thoroughly recommend Annette\u2019s informal courses. Great for beginners like me. I took art at school but that\u2019s where it stopped. Thanks for the encouragement Annette<\/p>\n\t\t\t<\/div>\n\t\t\t<div class=\"testimonial-bottom\">\n\t\t\t\t<div class=\"lipbg kad-arrow-down\"><\/div>\n\t\t\t\t<p>\n\t\t\t\t\t<strong>Kate S.<\/strong>\n\t\t\t\t     - October 2019\t\t      \t<\/p>\n\t\t\t<\/div>\n\t\t<\/div>\n\t<\/div>\n\n        <\/div>\n      <\/div>\n      \n    <\/div><\/div><\/div><\/div><\/div>","protected":false},"excerpt":{"rendered":"<p>A propos Je suis britannique et vis dans le Languedoc depuis plus de 10 ans. En plus d\u2019\u00eatre une francophile bilingue et dessinatrice des sites web, je suis une artiste exposante et fondatrice de Urban Sketchers Languedoc. Dans les ateliers &hellip; <a class=\"kt-excerpt-readmore more-link\" href=\"https:\/\/annettemorris.art\/fr\/testimonial\/kate-s\/\" aria-label=\"Kate S.\">Read More<\/a><\/p>\n","protected":false},"author":2,"featured_media":10257,"parent":0,"menu_order":0,"comment_status":"closed","ping_status":"closed","template":"","meta":{"kt_blocks_editor_width":"","_price":"","_stock":"","_tribe_ticket_header":"","_tribe_default_ticket_provider":"Tribe__Tickets_Plus__Commerce__WooCommerce__Main","_tribe_ticket_capacity":"0","_ticket_start_date":"","_ticket_end_date":"","_tribe_ticket_show_description":"","_tribe_ticket_show_not_going":false,"_tribe_ticket_use_global_stock":"","_tribe_ticket_global_stock_level":"","_global_stock_mode":"","_global_stock_cap":"","_tribe_rsvp_for_event":"","_tribe_ticket_going_count":"","_tribe_ticket_not_going_count":"","_tribe_tickets_list":"[]","_tribe_ticket_has_attendee_info_fields":false,"footnotes":"","_tec_slr_enabled":"","_tec_slr_layout":"","_links_to":"","_links_to_target":""},"class_list":["post-10327","page","type-page","status-publish","has-post-thumbnail","hentry"],"aioseo_notices":[],"ticketed":false,"_links":{"self":[{"href":"https:\/\/annettemorris.art\/fr\/wp-json\/wp\/v2\/pages\/10327","targetHints":{"allow":["GET"]}}],"collection":[{"href":"https:\/\/annettemorris.art\/fr\/wp-json\/wp\/v2\/pages"}],"about":[{"href":"https:\/\/annettemorris.art\/fr\/wp-json\/wp\/v2\/types\/page"}],"author":[{"embeddable":true,"href":"https:\/\/annettemorris.art\/fr\/wp-json\/wp\/v2\/users\/2"}],"replies":[{"embeddable":true,"href":"https:\/\/annettemorris.art\/fr\/wp-json\/wp\/v2\/comments?post=10327"}],"version-history":[{"count":0,"href":"https:\/\/annettemorris.art\/fr\/wp-json\/wp\/v2\/pages\/10327\/revisions"}],"wp:featuredmedia":[{"embeddable":true,"href":"https:\/\/annettemorris.art\/fr\/wp-json\/wp\/v2\/media\/10257"}],"wp:attachment":[{"href":"https:\/\/annettemorris.art\/fr\/wp-json\/wp\/v2\/media?parent=10327"}],"curies":[{"name":"wp","href":"https:\/\/api.w.org\/{rel}","templated":true}]}}